{"id":85,"date":"2018-01-21T09:35:52","date_gmt":"2018-01-21T09:35:52","guid":{"rendered":"http:\/\/baobab-verein.org\/?page_id=85"},"modified":"2018-02-11T14:43:20","modified_gmt":"2018-02-11T14:43:20","slug":"verein","status":"publish","type":"page","link":"http:\/\/baobab-verein.org\/?page_id=85","title":{"rendered":"Verein"},"content":{"rendered":"<h2>Spenden<\/h2>\n<p align=\"justify\">Der Verein ist vom Finanzamt Ravensburg als gemeinn\u00fctzig anerkannt (Steuernummer 77 0 52\/10600 vom 25.10.2001). Ihre Spenden k\u00f6nnen also im vollem Umfang von der Steuer abgesetzt werden. Sollten Sie per \u00dcberweisung spenden wollen, finden Sie nachfolgend die Kontodaten. Wenn Sie eine Spendenbescheinigung ben\u00f6tigen, setzen Sie sich bitte mit uns per <a href=\"mailto:webmaster@baobab-verein.org\">E-Mail<\/a> in Kontakt.<\/p>\n<p>Bankverbindung<\/p>\n<p>Baobab Frauenverein<\/p>\n<p>Volksbank Allg\u00e4u-Oberschwaben eG<\/p>\n<p>IBAN: DE 79 65 09 10 40 00 79 03 60 07<\/p>\n<p>BIC: GENODES1LEU<\/p>\n<h2>Kontakt<\/h2>\n<p>Per E-Mail k\u00f6nnen sie uns unter <a href=\"mailto:info@baobab-verein.org\">info@baobab-verein.org<\/a> erreichen. Per Post erreichen Sie den Verein unter<\/p>\n<p>Annemarie Keppelmayr<br \/>\nVolkertshaus 6<br \/>\n88339 Bad Waldsee<br \/>\nFax: 0 75 24 \/ 85 36<\/p>\n<p>oder<\/p>\n<p>Claudia Frick<br \/>\nSteinenberger Strasse 75<br \/>\n88339 Bad Waldsee<\/p>\n<p>oder<\/p>\n<p>Doris Fitz<br \/>\nEberhardstrasse 2<br \/>\n88339 Bad Waldsee<\/p>\n","protected":false},"excerpt":{"rendered":"<p>Spenden Der Verein ist vom Finanzamt Ravensburg als gemeinn\u00fctzig anerkannt (Steuernummer 77 0 52\/10600 vom 25.10.2001). Ihre Spenden k\u00f6nnen also im vollem Umfang von der Steuer abgesetzt werden. Sollten Sie per \u00dcberweisung spenden wollen, finden Sie nachfolgend die Kontodaten. Wenn Sie eine Spendenbescheinigung ben\u00f6tigen, setzen Sie sich bitte mit uns per E-Mail in Kontakt. Bankverbindung &hellip; <a href=\"http:\/\/baobab-verein.org\/?page_id=85\" class=\"more-link\"><span class=\"screen-reader-text\">Verein<\/span> weiterlesen<\/a><\/p>\n","protected":false},"author":1,"featured_media":0,"parent":0,"menu_order":0,"comment_status":"closed","ping_status":"closed","template":"","meta":{"footnotes":""},"class_list":["post-85","page","type-page","status-publish","hentry"],"_links":{"self":[{"href":"http:\/\/baobab-verein.org\/index.php?rest_route=\/wp\/v2\/pages\/85","targetHints":{"allow":["GET"]}}],"collection":[{"href":"http:\/\/baobab-verein.org\/index.php?rest_route=\/wp\/v2\/pages"}],"about":[{"href":"http:\/\/baobab-verein.org\/index.php?rest_route=\/wp\/v2\/types\/page"}],"author":[{"embeddable":true,"href":"http:\/\/baobab-verein.org\/index.php?rest_route=\/wp\/v2\/users\/1"}],"replies":[{"embeddable":true,"href":"http:\/\/baobab-verein.org\/index.php?rest_route=%2Fwp%2Fv2%2Fcomments&post=85"}],"version-history":[{"count":3,"href":"http:\/\/baobab-verein.org\/index.php?rest_route=\/wp\/v2\/pages\/85\/revisions"}],"predecessor-version":[{"id":159,"href":"http:\/\/baobab-verein.org\/index.php?rest_route=\/wp\/v2\/pages\/85\/revisions\/159"}],"wp:attachment":[{"href":"http:\/\/baobab-verein.org\/index.php?rest_route=%2Fwp%2Fv2%2Fmedia&parent=85"}],"curies":[{"name":"wp","href":"https:\/\/api.w.org\/{rel}","templated":true}]}}