{"id":77,"date":"2018-01-21T09:32:45","date_gmt":"2018-01-21T09:32:45","guid":{"rendered":"http:\/\/baobab-verein.org\/?page_id=77"},"modified":"2020-12-05T17:24:51","modified_gmt":"2020-12-05T17:24:51","slug":"presseberichte","status":"publish","type":"page","link":"http:\/\/baobab-verein.org\/?page_id=77","title":{"rendered":"Presseberichte"},"content":{"rendered":"<p align=\"justify\">In dieser Rubrik finden Sie einige der Presseberichte \u00fcber die Arbeit des Vereins. Die Presseberichte \u00f6ffnen sich in einem extra Fenster, bedingt durch die Gr\u00f6\u00dfe der Dateien (zwischen 125 und 345 KB) kann der Ladevorgang einige Sekunden dauern.<\/p>\n<p align=\"justify\">\nArtikel der Allgemeinen Zeitung (Namibia) vom 30.04.2001<\/p>\n<p align=\"justify\"><img loading=\"lazy\" decoding=\"async\" class=\"aligncenter size-full wp-image-6\" src=\"http:\/\/baobab-verein.org\/wp-content\/uploads\/az_20010430.jpg\" alt=\"\" width=\"872\" height=\"1218\" srcset=\"http:\/\/baobab-verein.org\/wp-content\/uploads\/az_20010430.jpg 872w, http:\/\/baobab-verein.org\/wp-content\/uploads\/az_20010430-215x300.jpg 215w, http:\/\/baobab-verein.org\/wp-content\/uploads\/az_20010430-768x1073.jpg 768w, http:\/\/baobab-verein.org\/wp-content\/uploads\/az_20010430-733x1024.jpg 733w, http:\/\/baobab-verein.org\/wp-content\/uploads\/az_20010430-788x1101.jpg 788w\" sizes=\"auto, (max-width: 872px) 100vw, 872px\" \/><br>\nArtikel der Allgemeinen Zeitung (Namibia) vom 03.04.2002<\/p>\n<p align=\"justify\"><img loading=\"lazy\" decoding=\"async\" class=\"aligncenter size-full wp-image-7\" src=\"http:\/\/baobab-verein.org\/wp-content\/uploads\/az_20020403.jpg\" alt=\"\" width=\"1288\" height=\"832\" srcset=\"http:\/\/baobab-verein.org\/wp-content\/uploads\/az_20020403.jpg 1288w, http:\/\/baobab-verein.org\/wp-content\/uploads\/az_20020403-300x194.jpg 300w, http:\/\/baobab-verein.org\/wp-content\/uploads\/az_20020403-768x496.jpg 768w, http:\/\/baobab-verein.org\/wp-content\/uploads\/az_20020403-1024x661.jpg 1024w, http:\/\/baobab-verein.org\/wp-content\/uploads\/az_20020403-788x509.jpg 788w\" sizes=\"auto, (max-width: 1288px) 100vw, 1288px\" \/><br>\nArtikel der Schw\u00e4bischen Zeitung (Lokalteil Bad Waldsee) vom 14.05.2002<\/p>\n<p align=\"justify\"><img loading=\"lazy\" decoding=\"async\" class=\"aligncenter size-full wp-image-30\" src=\"http:\/\/baobab-verein.org\/wp-content\/uploads\/sz_20020514.jpg\" alt=\"\" width=\"1227\" height=\"868\" srcset=\"http:\/\/baobab-verein.org\/wp-content\/uploads\/sz_20020514.jpg 1227w, http:\/\/baobab-verein.org\/wp-content\/uploads\/sz_20020514-300x212.jpg 300w, http:\/\/baobab-verein.org\/wp-content\/uploads\/sz_20020514-768x543.jpg 768w, http:\/\/baobab-verein.org\/wp-content\/uploads\/sz_20020514-1024x724.jpg 1024w, http:\/\/baobab-verein.org\/wp-content\/uploads\/sz_20020514-788x557.jpg 788w\" sizes=\"auto, (max-width: 1227px) 100vw, 1227px\" \/><br>\nArtikel der Schw\u00e4bischen Zeitung (Lokalteil Bad Waldsee) vom 23.11.2002<\/p>\n<p align=\"justify\"><img loading=\"lazy\" decoding=\"async\" class=\"aligncenter size-full wp-image-31\" src=\"http:\/\/baobab-verein.org\/wp-content\/uploads\/sz_20021123.jpg\" alt=\"\" width=\"1032\" height=\"608\" srcset=\"http:\/\/baobab-verein.org\/wp-content\/uploads\/sz_20021123.jpg 1032w, http:\/\/baobab-verein.org\/wp-content\/uploads\/sz_20021123-300x177.jpg 300w, http:\/\/baobab-verein.org\/wp-content\/uploads\/sz_20021123-768x452.jpg 768w, http:\/\/baobab-verein.org\/wp-content\/uploads\/sz_20021123-1024x603.jpg 1024w, http:\/\/baobab-verein.org\/wp-content\/uploads\/sz_20021123-788x464.jpg 788w\" sizes=\"auto, (max-width: 1032px) 100vw, 1032px\" \/><br>\nArtikel der Allgemeinen Zeitung (Namibia) vom 13.12.2002<\/p>\n<p align=\"justify\"><img loading=\"lazy\" decoding=\"async\" class=\"aligncenter size-full wp-image-8\" src=\"http:\/\/baobab-verein.org\/wp-content\/uploads\/az_20021213.jpg\" alt=\"\" width=\"653\" height=\"787\" srcset=\"http:\/\/baobab-verein.org\/wp-content\/uploads\/az_20021213.jpg 653w, http:\/\/baobab-verein.org\/wp-content\/uploads\/az_20021213-249x300.jpg 249w\" sizes=\"auto, (max-width: 653px) 100vw, 653px\" \/><br>\nArtikel der Artikel der Schw\u00e4bischen Zeitung (Erste Seite) vom 06.02.2004<\/p>\n<p align=\"justify\"><img loading=\"lazy\" decoding=\"async\" class=\"aligncenter size-full wp-image-33\" src=\"http:\/\/baobab-verein.org\/wp-content\/uploads\/sz_20040602.jpg\" alt=\"\" width=\"684\" height=\"760\" srcset=\"http:\/\/baobab-verein.org\/wp-content\/uploads\/sz_20040602.jpg 684w, http:\/\/baobab-verein.org\/wp-content\/uploads\/sz_20040602-270x300.jpg 270w\" sizes=\"auto, (max-width: 684px) 100vw, 684px\" \/><br>\nArtikel der Artikel der Schw\u00e4bischen Zeitung (Lokalteil Bad Waldsee) vom 06.02.2004<\/p>\n<p align=\"justify\"><img loading=\"lazy\" decoding=\"async\" class=\"aligncenter size-full wp-image-32\" src=\"http:\/\/baobab-verein.org\/wp-content\/uploads\/sz_20040602_2.jpg\" alt=\"\" width=\"1036\" height=\"746\" srcset=\"http:\/\/baobab-verein.org\/wp-content\/uploads\/sz_20040602_2.jpg 1036w, http:\/\/baobab-verein.org\/wp-content\/uploads\/sz_20040602_2-300x216.jpg 300w, http:\/\/baobab-verein.org\/wp-content\/uploads\/sz_20040602_2-768x553.jpg 768w, http:\/\/baobab-verein.org\/wp-content\/uploads\/sz_20040602_2-1024x737.jpg 1024w, http:\/\/baobab-verein.org\/wp-content\/uploads\/sz_20040602_2-788x567.jpg 788w\" sizes=\"auto, (max-width: 1036px) 100vw, 1036px\" \/><br>\nArtikel der Artikel der Schw\u00e4bischen Zeitung vom 30.11.2006<\/p>\n<p align=\"justify\"><img loading=\"lazy\" decoding=\"async\" class=\"aligncenter size-full wp-image-34\" src=\"http:\/\/baobab-verein.org\/wp-content\/uploads\/sz_20061130.jpg\" alt=\"\" width=\"766\" height=\"896\" srcset=\"http:\/\/baobab-verein.org\/wp-content\/uploads\/sz_20061130.jpg 766w, http:\/\/baobab-verein.org\/wp-content\/uploads\/sz_20061130-256x300.jpg 256w\" sizes=\"auto, (max-width: 766px) 100vw, 766px\" \/><\/p>\n\n\n<p>Die Schw\u00e4bische Zeitung berichtete am 23.11.2019 \u00fcber die Arbeit des Vereins unter dem Titel <strong>&#8222;Der Waldseer Frauenverein will Kindern in Namibia eine Chance f\u00fcrs Leben geben&#8220;<\/strong>. Der <a rel=\"noreferrer noopener\" aria-label=\"LINK (\u00f6ffnet in neuem Tab)\" href=\"https:\/\/www.schwaebische.de\/landkreis\/landkreis-ravensburg\/bad-waldsee_artikel,-der-waldseer-frauenverein-will-kindern-in-namibia-eine-chance-f%C3%BCrs-leben-geben-_arid,11147034.html\" target=\"_blank\">LINK<\/a> zum Artikel.<\/p>\n\n\n\n<p>Neuer Artikel in der Schw\u00e4bischen Zeitung vom 25.05.2020: <strong>&#8222;Frauenverein k\u00fcmmert sich um Lebensmittelpakete&#8220;<\/strong> <br><a rel=\"noreferrer noopener\" aria-label=\"LINK  (\u00f6ffnet in neuem Tab)\" href=\"https:\/\/www.schwaebische.de\/landkreis\/landkreis-ravensburg\/bad-waldsee_artikel,-bad-waldseer-frauenverein-k%C3%BCmmert-sich-um-lebensmittelpakete-_arid,11226401.html\" target=\"_blank\">LINK <\/a>zum Artikel auf Schwaebische.de. <br><a rel=\"noreferrer noopener\" href=\"http:\/\/baobab-verein.org\/wp-content\/uploads\/SZ_20200525-scaled.jpeg\" target=\"_blank\">LINK <\/a>zum Bericht als Bilddatei.<\/p>\n\n\n\n<p>Neuer Artikel in der Schw\u00e4bischen Zeitung vom 20.11.2020: <strong>&#8222;Wie Corona die Situation in Namibia versch\u00e4rfte&#8220;<\/strong><\/p>\n\n\n\n<p><a rel=\"noreferrer noopener\" href=\"https:\/\/www.schwaebische.de\/landkreis\/landkreis-ravensburg\/bad-waldsee_artikel,-wie-corona-die-situation-in-namibia-verschaerfte-_arid,11296534.html\" target=\"_blank\">LINK<\/a> zum Artikel auf Schwaebische.de<\/p>\n\n\n\n<p><\/p>\n","protected":false},"excerpt":{"rendered":"<p>In dieser Rubrik finden Sie einige der Presseberichte \u00fcber die Arbeit des Vereins. Die Presseberichte \u00f6ffnen sich in einem extra Fenster, bedingt durch die Gr\u00f6\u00dfe der Dateien (zwischen 125 und 345 KB) kann der Ladevorgang einige Sekunden dauern. Artikel der Allgemeinen Zeitung (Namibia) vom 30.04.2001 Artikel der Allgemeinen Zeitung (Namibia) vom 03.04.2002 Artikel der Schw\u00e4bischen &hellip; <a href=\"http:\/\/baobab-verein.org\/?page_id=77\" class=\"more-link\"><span class=\"screen-reader-text\">Presseberichte<\/span> weiterlesen<\/a><\/p>\n","protected":false},"author":1,"featured_media":0,"parent":40,"menu_order":0,"comment_status":"closed","ping_status":"closed","template":"","meta":{"footnotes":""},"class_list":["post-77","page","type-page","status-publish","hentry"],"_links":{"self":[{"href":"http:\/\/baobab-verein.org\/index.php?rest_route=\/wp\/v2\/pages\/77","targetHints":{"allow":["GET"]}}],"collection":[{"href":"http:\/\/baobab-verein.org\/index.php?rest_route=\/wp\/v2\/pages"}],"about":[{"href":"http:\/\/baobab-verein.org\/index.php?rest_route=\/wp\/v2\/types\/page"}],"author":[{"embeddable":true,"href":"http:\/\/baobab-verein.org\/index.php?rest_route=\/wp\/v2\/users\/1"}],"replies":[{"embeddable":true,"href":"http:\/\/baobab-verein.org\/index.php?rest_route=%2Fwp%2Fv2%2Fcomments&post=77"}],"version-history":[{"count":5,"href":"http:\/\/baobab-verein.org\/index.php?rest_route=\/wp\/v2\/pages\/77\/revisions"}],"predecessor-version":[{"id":208,"href":"http:\/\/baobab-verein.org\/index.php?rest_route=\/wp\/v2\/pages\/77\/revisions\/208"}],"up":[{"embeddable":true,"href":"http:\/\/baobab-verein.org\/index.php?rest_route=\/wp\/v2\/pages\/40"}],"wp:attachment":[{"href":"http:\/\/baobab-verein.org\/index.php?rest_route=%2Fwp%2Fv2%2Fmedia&parent=77"}],"curies":[{"name":"wp","href":"https:\/\/api.w.org\/{rel}","templated":true}]}}