{"id":58,"date":"2018-01-21T09:22:05","date_gmt":"2018-01-21T09:22:05","guid":{"rendered":"http:\/\/baobab-verein.org\/?page_id=58"},"modified":"2018-01-21T10:38:13","modified_gmt":"2018-01-21T10:38:13","slug":"bilder-aus-katutura","status":"publish","type":"page","link":"http:\/\/baobab-verein.org\/?page_id=58","title":{"rendered":"Bilder aus Katutura"},"content":{"rendered":"<p align=\"JUSTIFY\">Die folgenden Bilder sollen ihnen einen ersten Eindruck von Katutura, den Kinderg\u00e4rten und den Kindern vermitteln. Wenn sie auf ein kleines Bild klicken, \u00f6ffnet sich das Bild in Originalgr\u00f6\u00dfe in einem neuen Fenster.<\/p>\n<h2><a name=\"Bilder vor 2005\"><\/a>Bilder vor 2005<\/h2>\n<p>Blick \u00fcber zwei Ortsteile von Katutura &#8211; Babylon und Himalaya.<\/p>\n<p><img loading=\"lazy\" decoding=\"async\" class=\"aligncenter size-full wp-image-18\" src=\"http:\/\/baobab-verein.org\/wp-content\/uploads\/katutura1.jpg\" alt=\"\" width=\"890\" height=\"577\" srcset=\"http:\/\/baobab-verein.org\/wp-content\/uploads\/katutura1.jpg 890w, http:\/\/baobab-verein.org\/wp-content\/uploads\/katutura1-300x194.jpg 300w, http:\/\/baobab-verein.org\/wp-content\/uploads\/katutura1-768x498.jpg 768w, http:\/\/baobab-verein.org\/wp-content\/uploads\/katutura1-788x511.jpg 788w\" sizes=\"auto, (max-width: 890px) 100vw, 890px\" \/> <img loading=\"lazy\" decoding=\"async\" class=\"aligncenter size-full wp-image-19\" src=\"http:\/\/baobab-verein.org\/wp-content\/uploads\/katutura2.jpg\" alt=\"\" width=\"890\" height=\"585\" srcset=\"http:\/\/baobab-verein.org\/wp-content\/uploads\/katutura2.jpg 890w, http:\/\/baobab-verein.org\/wp-content\/uploads\/katutura2-300x197.jpg 300w, http:\/\/baobab-verein.org\/wp-content\/uploads\/katutura2-768x505.jpg 768w, http:\/\/baobab-verein.org\/wp-content\/uploads\/katutura2-788x518.jpg 788w\" sizes=\"auto, (max-width: 890px) 100vw, 890px\" \/><\/p>\n<p>Wellblechh\u00fctten in Katutura &#8211; Alles wird verwendet um die eigenen vier W\u00e4nde zu bauen.<br \/>\n<img loading=\"lazy\" decoding=\"async\" class=\"aligncenter size-full wp-image-15\" src=\"http:\/\/baobab-verein.org\/wp-content\/uploads\/hu\u0308tten2.jpg\" alt=\"\" width=\"640\" height=\"425\" srcset=\"http:\/\/baobab-verein.org\/wp-content\/uploads\/hu\u0308tten2.jpg 640w, http:\/\/baobab-verein.org\/wp-content\/uploads\/hu\u0308tten2-300x199.jpg 300w\" sizes=\"auto, (max-width: 640px) 100vw, 640px\" \/> <img loading=\"lazy\" decoding=\"async\" class=\"aligncenter size-full wp-image-16\" src=\"http:\/\/baobab-verein.org\/wp-content\/uploads\/hu\u0308tten3.jpg\" alt=\"\" width=\"640\" height=\"427\" srcset=\"http:\/\/baobab-verein.org\/wp-content\/uploads\/hu\u0308tten3.jpg 640w, http:\/\/baobab-verein.org\/wp-content\/uploads\/hu\u0308tten3-300x200.jpg 300w\" sizes=\"auto, (max-width: 640px) 100vw, 640px\" \/><\/p>\n<p>Der Kindergarten &#8222;Feed my Lambs&#8220; in Kapps Farm bei Windhoek.<br \/>\n<img loading=\"lazy\" decoding=\"async\" class=\"aligncenter size-full wp-image-11\" src=\"http:\/\/baobab-verein.org\/wp-content\/uploads\/feedmylambs.jpg\" alt=\"\" width=\"640\" height=\"413\" srcset=\"http:\/\/baobab-verein.org\/wp-content\/uploads\/feedmylambs.jpg 640w, http:\/\/baobab-verein.org\/wp-content\/uploads\/feedmylambs-300x194.jpg 300w\" sizes=\"auto, (max-width: 640px) 100vw, 640px\" \/> <img loading=\"lazy\" decoding=\"async\" class=\"aligncenter size-full wp-image-17\" src=\"http:\/\/baobab-verein.org\/wp-content\/uploads\/kapps.jpg\" alt=\"\" width=\"640\" height=\"423\" srcset=\"http:\/\/baobab-verein.org\/wp-content\/uploads\/kapps.jpg 640w, http:\/\/baobab-verein.org\/wp-content\/uploads\/kapps-300x198.jpg 300w\" sizes=\"auto, (max-width: 640px) 100vw, 640px\" \/> <img loading=\"lazy\" decoding=\"async\" class=\"aligncenter size-full wp-image-27\" src=\"http:\/\/baobab-verein.org\/wp-content\/uploads\/racker.jpg\" alt=\"\" width=\"640\" height=\"420\" srcset=\"http:\/\/baobab-verein.org\/wp-content\/uploads\/racker.jpg 640w, http:\/\/baobab-verein.org\/wp-content\/uploads\/racker-300x197.jpg 300w\" sizes=\"auto, (max-width: 640px) 100vw, 640px\" \/><\/p>\n<p>Der Kindergarten &#8222;Morning Sun&#8220; von Martha in Katutura.<br \/>\n<img loading=\"lazy\" decoding=\"async\" class=\"aligncenter size-full wp-image-25\" src=\"http:\/\/baobab-verein.org\/wp-content\/uploads\/morningsun1.jpg\" alt=\"\" width=\"640\" height=\"423\" srcset=\"http:\/\/baobab-verein.org\/wp-content\/uploads\/morningsun1.jpg 640w, http:\/\/baobab-verein.org\/wp-content\/uploads\/morningsun1-300x198.jpg 300w\" sizes=\"auto, (max-width: 640px) 100vw, 640px\" \/> <img loading=\"lazy\" decoding=\"async\" class=\"aligncenter size-full wp-image-26\" src=\"http:\/\/baobab-verein.org\/wp-content\/uploads\/morningsun2.jpg\" alt=\"\" width=\"640\" height=\"427\" srcset=\"http:\/\/baobab-verein.org\/wp-content\/uploads\/morningsun2.jpg 640w, http:\/\/baobab-verein.org\/wp-content\/uploads\/morningsun2-300x200.jpg 300w\" sizes=\"auto, (max-width: 640px) 100vw, 640px\" \/><\/p>\n<p>Weihnachtsfeier im &#8222;Morning Sun&#8220; Kindergarten (Dezember 2004). Im Dezember ist auch das Schuljahresende. Jedes Kind bekommt bei Martha einen Bericht \u00fcber seine F\u00e4higkeiten, was es gelernt hat und wie es sich den anderen Kinder gegen\u00fcber verh\u00e4lt. Im zweiten Bild sind die Kinder zu sehen, die im darauffolgenden Januar in die Schule gehen d\u00fcrfen. Martha hat mit ihnen einen weissen Hut gebastelt.<\/p>\n<p><img loading=\"lazy\" decoding=\"async\" class=\"aligncenter size-full wp-image-23\" src=\"http:\/\/baobab-verein.org\/wp-content\/uploads\/morning_sun_weihnacht1.jpg\" alt=\"\" width=\"884\" height=\"598\" srcset=\"http:\/\/baobab-verein.org\/wp-content\/uploads\/morning_sun_weihnacht1.jpg 884w, http:\/\/baobab-verein.org\/wp-content\/uploads\/morning_sun_weihnacht1-300x203.jpg 300w, http:\/\/baobab-verein.org\/wp-content\/uploads\/morning_sun_weihnacht1-768x520.jpg 768w, http:\/\/baobab-verein.org\/wp-content\/uploads\/morning_sun_weihnacht1-788x533.jpg 788w\" sizes=\"auto, (max-width: 884px) 100vw, 884px\" \/> <img loading=\"lazy\" decoding=\"async\" class=\"aligncenter size-full wp-image-24\" src=\"http:\/\/baobab-verein.org\/wp-content\/uploads\/morning_sun_weihnacht2.jpg\" alt=\"\" width=\"885\" height=\"596\" srcset=\"http:\/\/baobab-verein.org\/wp-content\/uploads\/morning_sun_weihnacht2.jpg 885w, http:\/\/baobab-verein.org\/wp-content\/uploads\/morning_sun_weihnacht2-300x202.jpg 300w, http:\/\/baobab-verein.org\/wp-content\/uploads\/morning_sun_weihnacht2-768x517.jpg 768w, http:\/\/baobab-verein.org\/wp-content\/uploads\/morning_sun_weihnacht2-788x531.jpg 788w\" sizes=\"auto, (max-width: 885px) 100vw, 885px\" \/><\/p>\n<p>Der Kindergarten von Ruusa in Katutura.<br \/>\n<img loading=\"lazy\" decoding=\"async\" class=\"aligncenter size-full wp-image-28\" src=\"http:\/\/baobab-verein.org\/wp-content\/uploads\/ruusa1.jpg\" alt=\"\" width=\"640\" height=\"429\" srcset=\"http:\/\/baobab-verein.org\/wp-content\/uploads\/ruusa1.jpg 640w, http:\/\/baobab-verein.org\/wp-content\/uploads\/ruusa1-300x201.jpg 300w\" sizes=\"auto, (max-width: 640px) 100vw, 640px\" \/><\/p>\n<h2><a name=\"Bilder ab 2005\"><\/a>Bilder ab 2005<\/h2>\n<p>Bilder aus dem &#8222;Feed My Lambs&#8220; Kindergarten im Januar 2006. Auf dem zweiten Bild sind die Kinder in ihren neuen Schuluniformen zu sehen, in Namibia beginnt das Schuljahr im Januar.<br \/>\n<img loading=\"lazy\" decoding=\"async\" class=\"size-full wp-image-13\" src=\"http:\/\/baobab-verein.org\/wp-content\/uploads\/feedmylambs0601.jpg\" alt=\"\" width=\"819\" height=\"614\" srcset=\"http:\/\/baobab-verein.org\/wp-content\/uploads\/feedmylambs0601.jpg 819w, http:\/\/baobab-verein.org\/wp-content\/uploads\/feedmylambs0601-300x225.jpg 300w, http:\/\/baobab-verein.org\/wp-content\/uploads\/feedmylambs0601-768x576.jpg 768w, http:\/\/baobab-verein.org\/wp-content\/uploads\/feedmylambs0601-788x591.jpg 788w\" sizes=\"auto, (max-width: 819px) 100vw, 819px\" \/><\/p>\n<p><img loading=\"lazy\" decoding=\"async\" class=\"size-full wp-image-12\" src=\"http:\/\/baobab-verein.org\/wp-content\/uploads\/feedmylambs0601_school.jpg\" alt=\"\" width=\"819\" height=\"614\" srcset=\"http:\/\/baobab-verein.org\/wp-content\/uploads\/feedmylambs0601_school.jpg 819w, http:\/\/baobab-verein.org\/wp-content\/uploads\/feedmylambs0601_school-300x225.jpg 300w, http:\/\/baobab-verein.org\/wp-content\/uploads\/feedmylambs0601_school-768x576.jpg 768w, http:\/\/baobab-verein.org\/wp-content\/uploads\/feedmylambs0601_school-788x591.jpg 788w\" sizes=\"auto, (max-width: 819px) 100vw, 819px\" \/><\/p>\n<p>Bilder aus dem &#8222;Morning Sun&#8220; Kindergarten im Januar 2006.<\/p>\n<p><img loading=\"lazy\" decoding=\"async\" class=\"size-full wp-image-21\" src=\"http:\/\/baobab-verein.org\/wp-content\/uploads\/martha1.jpg\" alt=\"\" width=\"768\" height=\"1024\" srcset=\"http:\/\/baobab-verein.org\/wp-content\/uploads\/martha1.jpg 768w, http:\/\/baobab-verein.org\/wp-content\/uploads\/martha1-225x300.jpg 225w\" sizes=\"auto, (max-width: 768px) 100vw, 768px\" \/><\/p>\n<figure id=\"attachment_22\" aria-describedby=\"caption-attachment-22\" style=\"width: 614px\" class=\"wp-caption aligncenter\"><img loading=\"lazy\" decoding=\"async\" class=\"size-full wp-image-22\" src=\"http:\/\/baobab-verein.org\/wp-content\/uploads\/martha2.jpg\" alt=\"\" width=\"614\" height=\"819\" srcset=\"http:\/\/baobab-verein.org\/wp-content\/uploads\/martha2.jpg 614w, http:\/\/baobab-verein.org\/wp-content\/uploads\/martha2-225x300.jpg 225w\" sizes=\"auto, (max-width: 614px) 100vw, 614px\" \/><figcaption id=\"caption-attachment-22\" class=\"wp-caption-text\">Martha<\/figcaption><\/figure>\n","protected":false},"excerpt":{"rendered":"<p>Die folgenden Bilder sollen ihnen einen ersten Eindruck von Katutura, den Kinderg\u00e4rten und den Kindern vermitteln. Wenn sie auf ein kleines Bild klicken, \u00f6ffnet sich das Bild in Originalgr\u00f6\u00dfe in einem neuen Fenster. Bilder vor 2005 Blick \u00fcber zwei Ortsteile von Katutura &#8211; Babylon und Himalaya. Wellblechh\u00fctten in Katutura &#8211; Alles wird verwendet um die &hellip; <a href=\"http:\/\/baobab-verein.org\/?page_id=58\" class=\"more-link\"><span class=\"screen-reader-text\">Bilder aus Katutura<\/span> weiterlesen<\/a><\/p>\n","protected":false},"author":1,"featured_media":0,"parent":54,"menu_order":0,"comment_status":"closed","ping_status":"closed","template":"","meta":{"footnotes":""},"class_list":["post-58","page","type-page","status-publish","hentry"],"_links":{"self":[{"href":"http:\/\/baobab-verein.org\/index.php?rest_route=\/wp\/v2\/pages\/58","targetHints":{"allow":["GET"]}}],"collection":[{"href":"http:\/\/baobab-verein.org\/index.php?rest_route=\/wp\/v2\/pages"}],"about":[{"href":"http:\/\/baobab-verein.org\/index.php?rest_route=\/wp\/v2\/types\/page"}],"author":[{"embeddable":true,"href":"http:\/\/baobab-verein.org\/index.php?rest_route=\/wp\/v2\/users\/1"}],"replies":[{"embeddable":true,"href":"http:\/\/baobab-verein.org\/index.php?rest_route=%2Fwp%2Fv2%2Fcomments&post=58"}],"version-history":[{"count":2,"href":"http:\/\/baobab-verein.org\/index.php?rest_route=\/wp\/v2\/pages\/58\/revisions"}],"predecessor-version":[{"id":117,"href":"http:\/\/baobab-verein.org\/index.php?rest_route=\/wp\/v2\/pages\/58\/revisions\/117"}],"up":[{"embeddable":true,"href":"http:\/\/baobab-verein.org\/index.php?rest_route=\/wp\/v2\/pages\/54"}],"wp:attachment":[{"href":"http:\/\/baobab-verein.org\/index.php?rest_route=%2Fwp%2Fv2%2Fmedia&parent=58"}],"curies":[{"name":"wp","href":"https:\/\/api.w.org\/{rel}","templated":true}]}}