{"id":54,"date":"2018-01-21T09:14:06","date_gmt":"2018-01-21T09:14:06","guid":{"rendered":"http:\/\/baobab-verein.org\/?page_id=54"},"modified":"2018-01-21T11:09:29","modified_gmt":"2018-01-21T11:09:29","slug":"die-kindergaerten","status":"publish","type":"page","link":"http:\/\/baobab-verein.org\/?page_id=54","title":{"rendered":"Die Kinderg\u00e4rten und Internate"},"content":{"rendered":"<p align=\"JUSTIFY\">Die Kinderg\u00e4rtnerinnen haben die Kinderg\u00e4rten selber gegr\u00fcndet, sie \u00fcbernehmen tags\u00fcber die Betreuung der Kinder der Nachbarn, wenn diese arbeiten sind oder Arbeit suchen. Sie nehmen von diesen daf\u00fcr auch Geb\u00fchren f\u00fcr Ihr eigenes Auskommen. Da die Eltern oft nicht einmal gen\u00fcgend Geld f\u00fcr diese Geb\u00fchren, geschweige denn f\u00fcr Essen, B\u00fccher und Spielzeug haben, unterst\u00fctzt der Baobab-Frauenverein die Kinderg\u00e4rten mit Essen und Material. Eine kurze Information \u00fcber die Kinderg\u00e4rten finden Sie hier, au\u00dferdem weitere Informationen in den T\u00e4tigkeitsberichten.<\/p>\n<h3>Kapps Farm &#8211; Feed my lambs<\/h3>\n<p>Dieser Kindergarten ist in Kapps Farm, einem kleinen Ort zwischen Windhoek und Windhoek Flughafen gelegen. Auf dem Grundst\u00fcck einer Taxidermy siedeln Arbeiter und deren Verwandte, und dort wurde auch ein Kindergarten-Geb\u00e4ude errichtet. Weitere Informationen zum Kindergarten finden Sie unter dem Men\u00fcpunkt links.<\/p>\n<h3>Katutura &#8211; Morning Sun<\/h3>\n<p>Der Kindergarten in Katutura wird vom Verein seit langem unterst\u00fctzt. Weitere Informationen zum Kindergarten finden Sie unter dem Men\u00fcpunkt links.<\/p>\n<h3>Katutura &#8211; Ebenacer<\/h3>\n<p>Der Kindergarten in Katutura wurde lange vom Verein unterst\u00fctzt. Weitere Informationen zum Kindergarten finden Sie unter dem Men\u00fcpunkt links. Die Unterst\u00fctzung wurde eingestellt.<\/p>\n<h3>Blouwkrans Schule<\/h3>\n<p>Die Blouwkrans-Schule ist eine Internatsschule, die in der N\u00e4he von Dordabis liegt. Dort sind viele Kinder aus Kapps Farm in der Schule, alle paar Wochen werden diese f\u00fcr ein Wochenende nach Hause gefahren. Die Schule wird seit langem vom Baobab-Frauenverein unterst\u00fctzt. Weitere Informationen zum Kindergarten finden Sie unter dem Men\u00fcpunkt links.<\/p>\n<h3>Aris Kindergarten und Internatsschule<\/h3>\n<p>Auch in Aris, etwa 25 km s\u00fcdlich von Windhoek, existiert eine Internatsschule, auf die manche &#8222;unserer&#8220; Kinder gehen. Weitere Informationen zum Kindergarten finden Sie unter dem Men\u00fcpunkt links.<\/p>\n","protected":false},"excerpt":{"rendered":"<p>Die Kinderg\u00e4rtnerinnen haben die Kinderg\u00e4rten selber gegr\u00fcndet, sie \u00fcbernehmen tags\u00fcber die Betreuung der Kinder der Nachbarn, wenn diese arbeiten sind oder Arbeit suchen. Sie nehmen von diesen daf\u00fcr auch Geb\u00fchren f\u00fcr Ihr eigenes Auskommen. Da die Eltern oft nicht einmal gen\u00fcgend Geld f\u00fcr diese Geb\u00fchren, geschweige denn f\u00fcr Essen, B\u00fccher und Spielzeug haben, unterst\u00fctzt der &hellip; <a href=\"http:\/\/baobab-verein.org\/?page_id=54\" class=\"more-link\"><span class=\"screen-reader-text\">Die Kinderg\u00e4rten und Internate<\/span> weiterlesen<\/a><\/p>\n","protected":false},"author":1,"featured_media":0,"parent":51,"menu_order":0,"comment_status":"closed","ping_status":"closed","template":"","meta":{"footnotes":""},"class_list":["post-54","page","type-page","status-publish","hentry"],"_links":{"self":[{"href":"http:\/\/baobab-verein.org\/index.php?rest_route=\/wp\/v2\/pages\/54","targetHints":{"allow":["GET"]}}],"collection":[{"href":"http:\/\/baobab-verein.org\/index.php?rest_route=\/wp\/v2\/pages"}],"about":[{"href":"http:\/\/baobab-verein.org\/index.php?rest_route=\/wp\/v2\/types\/page"}],"author":[{"embeddable":true,"href":"http:\/\/baobab-verein.org\/index.php?rest_route=\/wp\/v2\/users\/1"}],"replies":[{"embeddable":true,"href":"http:\/\/baobab-verein.org\/index.php?rest_route=%2Fwp%2Fv2%2Fcomments&post=54"}],"version-history":[{"count":6,"href":"http:\/\/baobab-verein.org\/index.php?rest_route=\/wp\/v2\/pages\/54\/revisions"}],"predecessor-version":[{"id":141,"href":"http:\/\/baobab-verein.org\/index.php?rest_route=\/wp\/v2\/pages\/54\/revisions\/141"}],"up":[{"embeddable":true,"href":"http:\/\/baobab-verein.org\/index.php?rest_route=\/wp\/v2\/pages\/51"}],"wp:attachment":[{"href":"http:\/\/baobab-verein.org\/index.php?rest_route=%2Fwp%2Fv2%2Fmedia&parent=54"}],"curies":[{"name":"wp","href":"https:\/\/api.w.org\/{rel}","templated":true}]}}