{"id":51,"date":"2018-01-21T09:08:05","date_gmt":"2018-01-21T09:08:05","guid":{"rendered":"http:\/\/baobab-verein.org\/?page_id=51"},"modified":"2018-01-21T10:56:52","modified_gmt":"2018-01-21T10:56:52","slug":"katutura-und-die-kindergaerten","status":"publish","type":"page","link":"http:\/\/baobab-verein.org\/?page_id=51","title":{"rendered":"Katutura und die Kinderg\u00e4rten"},"content":{"rendered":"<h2>Namibia<\/h2>\n<p align=\"JUSTIFY\"><a href=\"https:\/\/de.wikipedia.org\/wiki\/Namibia\/\" target=\"_blank\" rel=\"noopener\">Namibia<\/a> liegt im S\u00fcdwesten Afrikas. Vor dem Ersten Weltkrieg war Namibia deutsche Kolonie (Deutsch-S\u00fcdwestafrika). Nach der Niederlage Deutschlands \u00fcbergab der V\u00f6lkerbund der englischen Kronkolonie S\u00fcdafrika das Mandat, und damit die Verwaltung \u00fcber Namibia. S\u00fcdafrika \u00fcbernahm im Laufe der Zeit v\u00f6lkerrechtswidrig die volle Kontrolle \u00fcber Namibia und f\u00fchrte die Apartheit ein. Nach einem Unabh\u00e4ngigkeitskrieg, der vor allem im Norden des Landes und von Angola aus gef\u00fchrt wurde, wurde Namibia 1990 unabh\u00e4ngig. Die Aufgabe der Besetzung durch S\u00fcdafrika wurde von der UNO als \u201eNachfolgerin\u201c des V\u00f6lkerbunds seit Jahren gefordert. Namibia hat eine sehr junge Bev\u00f6lkerung, von den 2002 ca. 1,820 Millionen Namibiern waren ca. 42,6 Prozent vierzehn Jahre oder j\u00fcnger(CIA World Factbook 2002). Nur 77 Prozent der Bev\u00f6lkerung haben Zugang zu Trinkwasser (WHO 2000). Trotz einer sehr hohen HIV-Rate (gesch\u00e4tzt zwischen 40 und 60 Prozent der Bev\u00f6lkerung) wird die Bev\u00f6lkerung bis 2015 auf 2,3 Millionen ansteigen.<\/p>\n<div class=\"mceTemp\"><\/div>\n<p><img loading=\"lazy\" decoding=\"async\" class=\"size-full\" src=\"https:\/\/upload.wikimedia.org\/wikipedia\/commons\/thumb\/f\/fa\/Namibia_relief_location_map.jpg\/662px-Namibia_relief_location_map.jpg\" alt=\"Namibia Landkarte auf wikipedia\" width=\"662\" height=\"637\" \/><\/p>\n<h2><a name=\"Katutura\"><\/a>Katutura<\/h2>\n<p><a href=\"https:\/\/de.wikipedia.org\/wiki\/Windhoek-Katutura\" target=\"_blank\" rel=\"noopener\">Katutura<\/a> ist ein Teilort von <a href=\"https:\/\/de.wikipedia.org\/wiki\/Windhoek\" target=\"_blank\" rel=\"noopener\">Windhoek<\/a>, der Hauptstadt Namibias. 1951 wurde Namibia nach Vorbild S\u00fcdafrikas in Townships aufgeteilt. F\u00fcr die Stadt Windhoek wurde Katutura f\u00fcr den schwarzen Bev\u00f6lkerungsteil ausgew\u00e4hlt. Mit der Unabh\u00e4ngigkeit wurde diese Beschr\u00e4nkung aufgehoben, durch die starke Landflucht entstanden und entstehen aber gro\u00dfe, illegale Wellblechbesiedlungen ohne Infrastruktur. Der Staat versucht zwar, Wasser-, Abwasser- und Stromversorgung auszubauen, dies dauert wohl aber noch Jahre.<\/p>\n<p><img loading=\"lazy\" decoding=\"async\" class=\"aligncenter size-full wp-image-18\" src=\"http:\/\/baobab-verein.org\/wp-content\/uploads\/katutura1.jpg\" alt=\"\" width=\"890\" height=\"577\" srcset=\"http:\/\/baobab-verein.org\/wp-content\/uploads\/katutura1.jpg 890w, http:\/\/baobab-verein.org\/wp-content\/uploads\/katutura1-300x194.jpg 300w, http:\/\/baobab-verein.org\/wp-content\/uploads\/katutura1-768x498.jpg 768w, http:\/\/baobab-verein.org\/wp-content\/uploads\/katutura1-788x511.jpg 788w\" sizes=\"auto, (max-width: 890px) 100vw, 890px\" \/> <img loading=\"lazy\" decoding=\"async\" class=\"aligncenter size-full wp-image-19\" src=\"http:\/\/baobab-verein.org\/wp-content\/uploads\/katutura2.jpg\" alt=\"\" width=\"890\" height=\"585\" srcset=\"http:\/\/baobab-verein.org\/wp-content\/uploads\/katutura2.jpg 890w, http:\/\/baobab-verein.org\/wp-content\/uploads\/katutura2-300x197.jpg 300w, http:\/\/baobab-verein.org\/wp-content\/uploads\/katutura2-768x505.jpg 768w, http:\/\/baobab-verein.org\/wp-content\/uploads\/katutura2-788x518.jpg 788w\" sizes=\"auto, (max-width: 890px) 100vw, 890px\" \/><\/p>\n<p>Weitere Informationen zu den Kinderg\u00e4rten finden Sie im Men\u00fc unter den einzelnen Seiten zu den unterst\u00fctzten Projekten.<\/p>\n<h2><\/h2>\n","protected":false},"excerpt":{"rendered":"<p>Namibia Namibia liegt im S\u00fcdwesten Afrikas. Vor dem Ersten Weltkrieg war Namibia deutsche Kolonie (Deutsch-S\u00fcdwestafrika). Nach der Niederlage Deutschlands \u00fcbergab der V\u00f6lkerbund der englischen Kronkolonie S\u00fcdafrika das Mandat, und damit die Verwaltung \u00fcber Namibia. S\u00fcdafrika \u00fcbernahm im Laufe der Zeit v\u00f6lkerrechtswidrig die volle Kontrolle \u00fcber Namibia und f\u00fchrte die Apartheit ein. Nach einem Unabh\u00e4ngigkeitskrieg, der &hellip; <a href=\"http:\/\/baobab-verein.org\/?page_id=51\" class=\"more-link\"><span class=\"screen-reader-text\">Katutura und die Kinderg\u00e4rten<\/span> weiterlesen<\/a><\/p>\n","protected":false},"author":1,"featured_media":0,"parent":0,"menu_order":0,"comment_status":"closed","ping_status":"closed","template":"","meta":{"footnotes":""},"class_list":["post-51","page","type-page","status-publish","hentry"],"_links":{"self":[{"href":"http:\/\/baobab-verein.org\/index.php?rest_route=\/wp\/v2\/pages\/51","targetHints":{"allow":["GET"]}}],"collection":[{"href":"http:\/\/baobab-verein.org\/index.php?rest_route=\/wp\/v2\/pages"}],"about":[{"href":"http:\/\/baobab-verein.org\/index.php?rest_route=\/wp\/v2\/types\/page"}],"author":[{"embeddable":true,"href":"http:\/\/baobab-verein.org\/index.php?rest_route=\/wp\/v2\/users\/1"}],"replies":[{"embeddable":true,"href":"http:\/\/baobab-verein.org\/index.php?rest_route=%2Fwp%2Fv2%2Fcomments&post=51"}],"version-history":[{"count":2,"href":"http:\/\/baobab-verein.org\/index.php?rest_route=\/wp\/v2\/pages\/51\/revisions"}],"predecessor-version":[{"id":127,"href":"http:\/\/baobab-verein.org\/index.php?rest_route=\/wp\/v2\/pages\/51\/revisions\/127"}],"wp:attachment":[{"href":"http:\/\/baobab-verein.org\/index.php?rest_route=%2Fwp%2Fv2%2Fmedia&parent=51"}],"curies":[{"name":"wp","href":"https:\/\/api.w.org\/{rel}","templated":true}]}}