{"id":40,"date":"2018-01-21T08:51:24","date_gmt":"2018-01-21T08:51:24","guid":{"rendered":"http:\/\/baobab-verein.org\/?page_id=40"},"modified":"2021-07-15T06:25:05","modified_gmt":"2021-07-15T06:25:05","slug":"willkommen","status":"publish","type":"page","link":"http:\/\/baobab-verein.org\/","title":{"rendered":"Willkommen"},"content":{"rendered":"<p>Willkommen auf der Homepage des Baobab Frauenvereins n.e.V.<\/p>\n<p>Auf diesen Seiten informieren wir Sie \u00fcber unseren Verein, unsere Ziele und unsere Projekte. Bitte w\u00e4hlen Sie in der Linkleiste links die Sie interessierenden Seiten aus.<\/p>\n<p><img loading=\"lazy\" decoding=\"async\" class=\"aligncenter size-full wp-image-5\" src=\"http:\/\/baobab-verein.org\/wp-content\/uploads\/winken_klein.jpg\" alt=\"winkende Kinder\" width=\"450\" height=\"300\" srcset=\"http:\/\/baobab-verein.org\/wp-content\/uploads\/winken_klein.jpg 450w, http:\/\/baobab-verein.org\/wp-content\/uploads\/winken_klein-300x200.jpg 300w\" sizes=\"auto, (max-width: 450px) 100vw, 450px\" \/><\/p>\n\n<p><strong>Zu den aktuellen Meldungen, vor allem wegen Corona (15.07.2021): <\/strong><a href=\"http:\/\/baobab-verein.org\/?page_id=168\">Link<\/a><\/p>\n<p>Neuer Artikel in der Schw\u00e4bischen Zeitung vom 20.11.2020: <strong>&#8222;Wie Corona die Situation in Namibia versch\u00e4rfte&#8220;<\/strong> <a href=\"https:\/\/www.schwaebische.de\/landkreis\/landkreis-ravensburg\/bad-waldsee_artikel,-wie-corona-die-situation-in-namibia-verschaerfte-_arid,11296534.html\" target=\"_blank\" rel=\"noreferrer noopener\">LINK<\/a> zum Artikel auf Schwaebische.de<\/p>\n<p>Neuer Artikel in der Schw\u00e4bischen Zeitung vom 25.05.2020: <strong>&#8222;Frauenverein k\u00fcmmert sich um Lebensmittelpakete&#8220;<\/strong> <a href=\"https:\/\/www.schwaebische.de\/landkreis\/landkreis-ravensburg\/bad-waldsee_artikel,-bad-waldseer-frauenverein-k%C3%BCmmert-sich-um-lebensmittelpakete-_arid,11226401.html\" target=\"_blank\" rel=\"noreferrer noopener\" aria-label=\"LINK  (\u00f6ffnet in neuem Tab)\">LINK <\/a>zum Artikel.<\/p>\n<p><strong>CORONA (03.05.2020):<\/strong><\/p>\n<p><strong>DANKE AN DIE SPENDER! Weitere Informationen finden Sie <a href=\"http:\/\/baobab-verein.org\/?page_id=168\">hier <\/a><\/strong>.<\/p>\n<p><strong>CORONA (22.04.2020):<\/strong><br \/>Wir haben Nachrichten &#8211; speziell vom Feed My Lambs Kindergarten in Kapps Farm &#8211; dass die Beschr\u00e4nkungen durch Corona nach drei Wochen zu ernsten Problemen f\u00fchren. Der Hauptarbeitgeber dort, eine Taxidermie, hat geschlossen, die Angestellten erhalten seit drei Wochen keinen Lohn. Wasser wird durch die Regierung zur Verf\u00fcgung gestellt, es hat auch viel geregnet diese Regensaison, aber die Eltern haben keinerlei Geld mehr, um Lebensmittel zu kaufen. <br \/>Die Kinderg\u00e4rtnerin hat unter Tr\u00e4nen den Zustand der Kinder nach diesen drei Wochen beschrieben. In dieser Situation hilft unser Verein nat\u00fcrlich &#8211; auch den Eltern und Erwachsenen &#8211; und stellt Geld f\u00fcr Essensk\u00e4ufe zur Verf\u00fcgung. Bitte unterst\u00fctzen Sie uns, die Kinder und deren Verwandte in dieser Situation!<\/p>\n\n\n<p>Neuer Artikel in der Schw\u00e4bischen Zeitung vom 29.11.2019: <strong>&#8222;Der Waldseer Frauenverein will Kindern in Namibia eine Chance f\u00fcrs Leben geben&#8220;<\/strong> <a href=\"https:\/\/www.schwaebische.de\/landkreis\/landkreis-ravensburg\/bad-waldsee_artikel,-der-waldseer-frauenverein-will-kindern-in-namibia-eine-chance-f%C3%BCrs-leben-geben-_arid,11147034.html\" target=\"_blank\" rel=\"noreferrer noopener\" aria-label=\"LINK  (\u00f6ffnet in neuem Tab)\">LINK <\/a>zum Artikel.<\/p>\n","protected":false},"excerpt":{"rendered":"<p>Willkommen auf der Homepage des Baobab Frauenvereins n.e.V. Auf diesen Seiten informieren wir Sie \u00fcber unseren Verein, unsere Ziele und unsere Projekte. Bitte w\u00e4hlen Sie in der Linkleiste links die Sie interessierenden Seiten aus. Zu den aktuellen Meldungen, vor allem wegen Corona (15.07.2021): Link Neuer Artikel in der Schw\u00e4bischen Zeitung vom 20.11.2020: &#8222;Wie Corona die &hellip; <a href=\"http:\/\/baobab-verein.org\/\" class=\"more-link\"><span class=\"screen-reader-text\">Willkommen<\/span> weiterlesen<\/a><\/p>\n","protected":false},"author":1,"featured_media":0,"parent":0,"menu_order":0,"comment_status":"closed","ping_status":"closed","template":"","meta":{"footnotes":""},"class_list":["post-40","page","type-page","status-publish","hentry"],"_links":{"self":[{"href":"http:\/\/baobab-verein.org\/index.php?rest_route=\/wp\/v2\/pages\/40","targetHints":{"allow":["GET"]}}],"collection":[{"href":"http:\/\/baobab-verein.org\/index.php?rest_route=\/wp\/v2\/pages"}],"about":[{"href":"http:\/\/baobab-verein.org\/index.php?rest_route=\/wp\/v2\/types\/page"}],"author":[{"embeddable":true,"href":"http:\/\/baobab-verein.org\/index.php?rest_route=\/wp\/v2\/users\/1"}],"replies":[{"embeddable":true,"href":"http:\/\/baobab-verein.org\/index.php?rest_route=%2Fwp%2Fv2%2Fcomments&post=40"}],"version-history":[{"count":17,"href":"http:\/\/baobab-verein.org\/index.php?rest_route=\/wp\/v2\/pages\/40\/revisions"}],"predecessor-version":[{"id":219,"href":"http:\/\/baobab-verein.org\/index.php?rest_route=\/wp\/v2\/pages\/40\/revisions\/219"}],"wp:attachment":[{"href":"http:\/\/baobab-verein.org\/index.php?rest_route=%2Fwp%2Fv2%2Fmedia&parent=40"}],"curies":[{"name":"wp","href":"https:\/\/api.w.org\/{rel}","templated":true}]}}