{"id":168,"date":"2020-05-03T18:30:10","date_gmt":"2020-05-03T18:30:10","guid":{"rendered":"http:\/\/baobab-verein.org\/?page_id=168"},"modified":"2021-08-05T05:49:36","modified_gmt":"2021-08-05T05:49:36","slug":"aktuelles-2020-und-corona","status":"publish","type":"page","link":"http:\/\/baobab-verein.org\/?page_id=168","title":{"rendered":"Aktuelles &#8211; 2020 und Corona"},"content":{"rendered":"\n<p><strong>AKTUELL \u2013 CORONA (15.07.2021):<\/strong><\/p>\n\n\n\n<p>Die Inzidenz in Namibia steigt seit dem Winterbeginn auf der S\u00fcdhalbkugel stark an. Die Krankenhausbelegung, und die Todeszahlen, erreichten sehr hohe St\u00e4nde. Schulen wurden wieder geschlossen, wir haben den Transport der Kinder aus dem Internat bezahlt. Wir unterst\u00fctzen au\u00dferdem weiterhin die Familien durch Essensausgabe. <\/p>\n\n\n\n<figure class=\"wp-block-image size-large\"><img loading=\"lazy\" decoding=\"async\" width=\"768\" height=\"1024\" src=\"http:\/\/baobab-verein.org\/wp-content\/uploads\/1d0cfa3d-08c6-42fe-9742-90732dd943ff-768x1024.jpeg\" alt=\"\" class=\"wp-image-222\" srcset=\"http:\/\/baobab-verein.org\/wp-content\/uploads\/1d0cfa3d-08c6-42fe-9742-90732dd943ff-768x1024.jpeg 768w, http:\/\/baobab-verein.org\/wp-content\/uploads\/1d0cfa3d-08c6-42fe-9742-90732dd943ff-225x300.jpeg 225w, http:\/\/baobab-verein.org\/wp-content\/uploads\/1d0cfa3d-08c6-42fe-9742-90732dd943ff.jpeg 810w\" sizes=\"auto, (max-width: 768px) 100vw, 768px\" \/><figcaption>Kinder des Kappsfarm-Kindergartens stehen im Juli 2021 f\u00fcr Essen an<\/figcaption><\/figure>\n\n\n\n<figure class=\"wp-block-image size-large\"><img loading=\"lazy\" decoding=\"async\" width=\"1024\" height=\"768\" src=\"http:\/\/baobab-verein.org\/wp-content\/uploads\/2bc82f6a-6709-4549-861a-4a31bbe4091b-1024x768.jpeg\" alt=\"\" class=\"wp-image-223\" srcset=\"http:\/\/baobab-verein.org\/wp-content\/uploads\/2bc82f6a-6709-4549-861a-4a31bbe4091b-1024x768.jpeg 1024w, http:\/\/baobab-verein.org\/wp-content\/uploads\/2bc82f6a-6709-4549-861a-4a31bbe4091b-300x225.jpeg 300w, http:\/\/baobab-verein.org\/wp-content\/uploads\/2bc82f6a-6709-4549-861a-4a31bbe4091b-768x576.jpeg 768w, http:\/\/baobab-verein.org\/wp-content\/uploads\/2bc82f6a-6709-4549-861a-4a31bbe4091b.jpeg 1080w\" sizes=\"auto, (max-width: 1024px) 100vw, 1024px\" \/><figcaption>Kinder des Kappsfarm-Kindergartens stehen im Juli 2021 f\u00fcr Essen an<\/figcaption><\/figure>\n\n\n\n<figure class=\"wp-block-image size-large\"><img loading=\"lazy\" decoding=\"async\" width=\"768\" height=\"1024\" src=\"http:\/\/baobab-verein.org\/wp-content\/uploads\/d48df074-3715-49c5-908a-5f3ad747511a-768x1024.jpeg\" alt=\"\" class=\"wp-image-225\" srcset=\"http:\/\/baobab-verein.org\/wp-content\/uploads\/d48df074-3715-49c5-908a-5f3ad747511a-768x1024.jpeg 768w, http:\/\/baobab-verein.org\/wp-content\/uploads\/d48df074-3715-49c5-908a-5f3ad747511a-225x300.jpeg 225w, http:\/\/baobab-verein.org\/wp-content\/uploads\/d48df074-3715-49c5-908a-5f3ad747511a.jpeg 810w\" sizes=\"auto, (max-width: 768px) 100vw, 768px\" \/><figcaption>Es ist Winter auf der S\u00fcdhalbkugel, es gab N\u00e4chte mit bis zu minus 15 Grad<\/figcaption><\/figure>\n\n\n\n<figure class=\"wp-block-image size-large\"><img loading=\"lazy\" decoding=\"async\" width=\"1024\" height=\"768\" src=\"http:\/\/baobab-verein.org\/wp-content\/uploads\/3c4776b2-bd90-44cb-b3ec-acf7ea26b663-1024x768.jpeg\" alt=\"\" class=\"wp-image-224\" srcset=\"http:\/\/baobab-verein.org\/wp-content\/uploads\/3c4776b2-bd90-44cb-b3ec-acf7ea26b663-1024x768.jpeg 1024w, http:\/\/baobab-verein.org\/wp-content\/uploads\/3c4776b2-bd90-44cb-b3ec-acf7ea26b663-300x225.jpeg 300w, http:\/\/baobab-verein.org\/wp-content\/uploads\/3c4776b2-bd90-44cb-b3ec-acf7ea26b663-768x576.jpeg 768w, http:\/\/baobab-verein.org\/wp-content\/uploads\/3c4776b2-bd90-44cb-b3ec-acf7ea26b663.jpeg 1080w\" sizes=\"auto, (max-width: 1024px) 100vw, 1024px\" \/><figcaption>Ausgabe des Essens<\/figcaption><\/figure>\n\n\n\n<p><\/p>\n\n\n\n<p><strong>AKTUELL \u2013 CORONA (20.11.2020):<\/strong><\/p>\n\n\n\n<p>Neuer Artikel in der Schw\u00e4bischen Zeitung vom 20.11.2020: <strong>&#8222;Wie Corona die Situation in Namibia versch\u00e4rfte&#8220;<\/strong>  <a rel=\"noreferrer noopener\" href=\"https:\/\/www.schwaebische.de\/landkreis\/landkreis-ravensburg\/bad-waldsee_artikel,-wie-corona-die-situation-in-namibia-verschaerfte-_arid,11296534.html\" target=\"_blank\">LINK<\/a> zum Artikel auf Schwaebische.de<\/p>\n\n\n\n<p><\/p>\n\n\n\n<p><strong>AKTUELL \u2013 CORONA (15.10.2020):<\/strong><\/p>\n\n\n\n<p>In Namibia waren im S\u00fcdwinter die Infektionszahlen gestiegen, allerdings sind diese im September und Oktober deutlich am Sinken. Der Ausnahmezustand in Namibia lief im September aus, im Oktober wurden auch wieder touristische Fl\u00fcge nach Namibia erlaubt. Die wirtschaftliche Erholung startet aber sehr langsam. <br><\/p>\n\n\n\n<p><strong>AKTUELL \u2013 CORONA (25.05.2020):<\/strong><\/p>\n\n\n\n<p>Neuer Artikel in der Schw\u00e4bischen Zeitung vom 25.05.2020: <strong>&#8222;Frauenverein k\u00fcmmert sich um Lebensmittelpakete&#8220;<\/strong> <a rel=\"noreferrer noopener\" href=\"https:\/\/www.schwaebische.de\/landkreis\/landkreis-ravensburg\/bad-waldsee_artikel,-bad-waldseer-frauenverein-k%C3%BCmmert-sich-um-lebensmittelpakete-_arid,11226401.html\" target=\"_blank\">LINK <\/a>zum Artikel.<\/p>\n\n\n\n<p><strong>AKTUELL \u2013 CORONA (09.05.2020):<\/strong><\/p>\n\n\n\n<p>Die Schulen bleiben wohl bis August in Namibia geschlossen &#8211; unsere Schulkinder, die normalerweise alle f\u00fcr 3-4 Wochen am St\u00fcck in Internaten sind, und dort auch verpflegt werden, sind also noch f\u00fcr mehrere Monate bei ihren Eltern. Dank Ihnen k\u00f6nnen wir Ihnen helfen. Wir haben einige Bilder aus Namibia erhalten, die die Essensausgabe zeigen.<\/p>\n\n\n\n<div class=\"wp-block-image\"><figure class=\"aligncenter\"><img decoding=\"async\" src=\"http:\/\/baobab-verein.org\/wp-content\/uploads\/PHOTO-2020-05-09-18-03-11-1.jpg\" alt=\"winkende Kinder\" class=\"wp-image-5\"\/><\/figure><\/div>\n\n\n\n<div class=\"wp-block-image\"><figure class=\"aligncenter\"><img decoding=\"async\" src=\"http:\/\/baobab-verein.org\/wp-content\/uploads\/PHOTO-2020-05-09-18-03-12-2.jpg\" alt=\"winkende Kinder\" class=\"wp-image-5\"\/><\/figure><\/div>\n\n\n\n<div class=\"wp-block-image\"><figure class=\"aligncenter\"><img decoding=\"async\" src=\"http:\/\/baobab-verein.org\/wp-content\/uploads\/PHOTO-2020-05-09-18-03-12-3.jpg\" alt=\"winkende Kinder\" class=\"wp-image-5\"\/><\/figure><\/div>\n\n\n\n<div class=\"wp-block-image\"><figure class=\"aligncenter\"><img decoding=\"async\" src=\"http:\/\/baobab-verein.org\/wp-content\/uploads\/PHOTO-2020-05-09-18-03-12-4.jpg\" alt=\"winkende Kinder\" class=\"wp-image-5\"\/><\/figure><\/div>\n\n\n\n<div class=\"wp-block-image\"><figure class=\"aligncenter\"><img decoding=\"async\" src=\"http:\/\/baobab-verein.org\/wp-content\/uploads\/PHOTO-2020-05-09-18-03-12-5.jpg\" alt=\"winkende Kinder\" class=\"wp-image-5\"\/><\/figure><\/div>\n\n\n\n<div class=\"wp-block-image\"><figure class=\"aligncenter\"><img decoding=\"async\" src=\"http:\/\/baobab-verein.org\/wp-content\/uploads\/PHOTO-2020-05-09-18-03-13-6.jpg\" alt=\"winkende Kinder\" class=\"wp-image-5\"\/><\/figure><\/div>\n\n\n\n<p><strong>AKTUELL \u2013 CORONA (03.05.2020):<\/strong><\/p>\n\n\n\n<p>Herzlichen Dank f\u00fcr Ihre Nothilfe f\u00fcr unsere Kinder in Namibia. Wir haben in Windhoek einen Gro\u00dfhandel gefunden, der bereit war, die notwendigsten Lebensmittel an die zwei Pl\u00e4tze, die in allergr\u00f6\u00dfter Not sind, auszuliefern &#8211; und es hat geklappt.<\/p>\n\n\n\n<p>Seit Anfang letzter Woche bekommen die Kinder und die alten Dorfbewohner t\u00e4glich eine gute, gehaltvolle Mahlzeit.<\/p>\n\n\n\n<p>Im <strong>Kapps-Kindergarten<\/strong> kocht die Erzieherin, unterst\u00fctzt von 2 M\u00fcttern, f\u00fcr die Kinder, eine weitere Frau kocht f\u00fcr die Alten. Es war nicht einfach, die Kocherei zu organisieren, Kochstellen und \u2013t\u00f6pfe sind nirgends gro\u00df genug, um 90 Menschen zu versorgen. Es fehlten auch die Gaskocher und entsprechende Gasflaschen.<br><br>Inzwischen wird auf 4 Kochstellen mit Gas gekocht, wir konnten zu dem bereits im Kindergarten vorhandenen Kocher mit 2 Flammen noch einen weiteren kaufen und haben unsere private, eigene Gasflasche ebenfalls eingesetzt. Der einzige sehr gro\u00dfe Kochtopf passt nicht auf die vorhandenen Kocher, deshalb wird \u00fcber einem Holzfeuer gekocht. Damit die Leute nicht wieder anfangen, Holz von den umliegenden Farmen zu stehlen &#8211; was schon mehrfach zu Anzeigen und Strafen gef\u00fchrt hat &#8211; bezahlen wir f\u00fcr Brennholz, das man offiziell kaufen kann &#8211; wenn man Geld hat.<\/p>\n\n\n\n<p>Innerhalb weniger Tage hat alles geklappt. Die Dankbarkeit der Leute ist \u00fcberw\u00e4ltigend: Jedesmal wenn ich bei Crizelda, der Erzieherin des Kindergartens, anrufe und die Umstehenden dort mitbekommen, da\u00df ich am Telefon bin, stimmen sie Danklieder an, die ich zwar nicht komplett verstehe, aber mein Name kommt mehrfach darin vor. Crizelda sagte mir, es seien sehr alte Danklieder und sie habe gar nicht gewu\u00dft, da\u00df die noch jemand kennt.<\/p>\n\n\n\n<p>Die Nahrungsmittelversorgung habe ich so organisiert, da\u00df nun zuerst einmal ein Grundstock vorhanden ist. Wie weit dieser reicht,&nbsp; wird sich zeigen. Ich habe sogenannte \u201eCombos\u201czusammengestellt,die bestehen aus<\/p>\n\n\n\n<ul class=\"wp-block-list\"><li>12 kg Brotmehl<\/li><li>12 kg Reis<\/li><li>12 kg Zucker<\/li><li>12 kg Maismehl<\/li><li>4,5 kg Maccaroni<\/li><li>2 l Koch\u00f6l<\/li><li>3 kg Sojasuppe (wird zu Maisbrei,Reis und Maccaroni gegeben)<\/li><li>10 P\u00e4ckchen Trockenhefe<\/li><\/ul>\n\n\n\n<p>Der Kappskindergarten hat 2 Combos bekommen, wenn eine weg ist, so habe ich es mit Crizelda besprochen, meldet sie sich bei mir, so da\u00df wir den Bedarf feststellen und beizeiten nachbestellen k\u00f6nnen. Zweimal in der Woche holt Crizelda Knochen beim \u00f6rtlichen Schlachter und kocht daraus Suppe, das lieben die Kinder sehr.<\/p>\n\n\n\n<p>Groot Aub hat sechs Combos bekommen, denn dort sind viel mehr Kinder, Jugendliche und Alte, die dringend Hilfe brauchen. Das Dorf besteht ja nur aus Gro\u00dfeltern und Enkeln. Die Eltern sind entweder gar nicht mehr da, oder sie arbeiteten irgendwo im Land als Tagl\u00f6hner, sind von der Krise genau so betroffen, haben jetzt keinen Job mehr und k\u00f6nnen auch nicht nach Hause wegen der bestehenden Ausgangssperre. Deolinda,die Pastorin, welche mich um Hilfe gebeten hat, verteilt die Nahrungsmittel auf die einzelnen Haushalte und meldet sich auch, wenn sie zu Ende gehen. Sie wird besser zurecht kommen als Kappsfarm, denn sie hat noch 2 weitere Spender.<\/p>\n\n\n\n<p>In beiden D\u00f6rfern sind viele Leute krank. Wie viele schon gestorben sind wissen weder Crizelda noch Deolinda genau. Crizelda sagte nur, es seien schon mehrere Alte abgeholt worden, wahrscheinlich seien sie nicht am Corona-Virus gestorben, sondern verhungert. Auch von den Kindern seien einige krank. Sie gibt den Eltern oder Geschwistern das Essen f\u00fcr die kranken Kinder mit.<\/p>\n\n\n\n<p>Ach ja, sie hat viel Seife von unserem Geld gekauft. Wenn die Kinder zum Essen kommen, m\u00fcssen sie zuerst gr\u00fcndlich die H\u00e4nde waschen. Und jedes Kind mu\u00df seinen eigenen Teller und L\u00f6ffel mitbringen, das habe ich verlangt und es klappt.<\/p>\n\n\n\n<p>Nochmals vielen Dank f\u00fcr Ihre spontane, gro\u00dfz\u00fcgige Hilfe, ohne die wir diesen Menschen nicht helfen k\u00f6nnten!<\/p>\n\n\n\n<p>Hoffen wir,da\u00df wir die Kinder durch die Krise bringen.<\/p>\n\n\n\n<p>Dankbare Gr\u00fc\u00dfe,<\/p>\n\n\n\n<p>Annemarie Keppelmayr<\/p>\n\n\n\n<p><strong>AKTUELL \u2013 CORONA (22.04.2020):<\/strong><br><strong>Wir haben Nachrichten \u2013 speziell vom Feed My Lambs Kindergarten in Kapps Farm \u2013 dass die Beschr\u00e4nkungen durch Corona nach drei Wochen zu ernsten Problemen f\u00fchren. Der Hauptarbeitgeber dort, eine Taxidermie, hat geschlossen, die Angestellten erhalten seit drei Wochen keinen Lohn. Wasser wird durch die Regierung zur Verf\u00fcgung gestellt, es hat auch viel geregnet diese Regensaison, aber die Eltern haben keinerlei Geld mehr, um Lebensmittel zu kaufen.<\/strong><br><strong>Die Kinderg\u00e4rtnerin hat unter Tr\u00e4nen den Zustand der Kinder nach diesen drei Wochen beschrieben. In dieser Situation hilft unser Verein nat\u00fcrlich \u2013 auch den Eltern und Erwachsenen \u2013 und stellt Geld f\u00fcr Essensk\u00e4ufe zur Verf\u00fcgung. Bitte unterst\u00fctzen Sie uns, die Kinder und deren Verwandte in dieser Situation!<\/strong><\/p>\n","protected":false},"excerpt":{"rendered":"<p>AKTUELL \u2013 CORONA (15.07.2021): Die Inzidenz in Namibia steigt seit dem Winterbeginn auf der S\u00fcdhalbkugel stark an. Die Krankenhausbelegung, und die Todeszahlen, erreichten sehr hohe St\u00e4nde. Schulen wurden wieder geschlossen, wir haben den Transport der Kinder aus dem Internat bezahlt. Wir unterst\u00fctzen au\u00dferdem weiterhin die Familien durch Essensausgabe. AKTUELL \u2013 CORONA (20.11.2020): Neuer Artikel in &hellip; <a href=\"http:\/\/baobab-verein.org\/?page_id=168\" class=\"more-link\"><span class=\"screen-reader-text\">Aktuelles &#8211; 2020 und Corona<\/span> weiterlesen<\/a><\/p>\n","protected":false},"author":1,"featured_media":0,"parent":0,"menu_order":0,"comment_status":"closed","ping_status":"closed","template":"","meta":{"footnotes":""},"class_list":["post-168","page","type-page","status-publish","hentry"],"_links":{"self":[{"href":"http:\/\/baobab-verein.org\/index.php?rest_route=\/wp\/v2\/pages\/168","targetHints":{"allow":["GET"]}}],"collection":[{"href":"http:\/\/baobab-verein.org\/index.php?rest_route=\/wp\/v2\/pages"}],"about":[{"href":"http:\/\/baobab-verein.org\/index.php?rest_route=\/wp\/v2\/types\/page"}],"author":[{"embeddable":true,"href":"http:\/\/baobab-verein.org\/index.php?rest_route=\/wp\/v2\/users\/1"}],"replies":[{"embeddable":true,"href":"http:\/\/baobab-verein.org\/index.php?rest_route=%2Fwp%2Fv2%2Fcomments&post=168"}],"version-history":[{"count":13,"href":"http:\/\/baobab-verein.org\/index.php?rest_route=\/wp\/v2\/pages\/168\/revisions"}],"predecessor-version":[{"id":226,"href":"http:\/\/baobab-verein.org\/index.php?rest_route=\/wp\/v2\/pages\/168\/revisions\/226"}],"wp:attachment":[{"href":"http:\/\/baobab-verein.org\/index.php?rest_route=%2Fwp%2Fv2%2Fmedia&parent=168"}],"curies":[{"name":"wp","href":"https:\/\/api.w.org\/{rel}","templated":true}]}}