{"id":134,"date":"2018-01-21T11:07:10","date_gmt":"2018-01-21T11:07:10","guid":{"rendered":"http:\/\/baobab-verein.org\/?page_id=134"},"modified":"2018-01-21T11:19:25","modified_gmt":"2018-01-21T11:19:25","slug":"blouwkrans-schule","status":"publish","type":"page","link":"http:\/\/baobab-verein.org\/?page_id=134","title":{"rendered":"Blouwkrans Schule"},"content":{"rendered":"<p>Die Blouwkrans-Schule ist eine Internatsschule, die in der N\u00e4he von Dordabis liegt. Dort sind viele Kinder aus Kapps Farm in der Schule, alle paar Wochen werden diese f\u00fcr ein Wochenende nach Hause gefahren. Die Schule wird seit langem vom Baobab-Frauenverein unterst\u00fctzt.<\/p>\n<p>Einen t\u00e4glichen Schulbus nach Windhoek gibt es von Kapps Farm aus nicht, weshalb die Kinder in Internate gebracht werden. Dort werden sie auch gut versorgt &#8211; und die Kinder gehen gerne in die Schule &#8211; sie lernen etwas, sie bekommen ausreichend und gutes Essen, und haben einen warmen Schlafplatz &#8211; alles Dinge, die zuhause nicht unbedingt immer vorhanden sind.<\/p>\n<p><img loading=\"lazy\" decoding=\"async\" class=\"aligncenter size-full wp-image-94\" src=\"http:\/\/baobab-verein.org\/wp-content\/uploads\/bloukrans04.jpg\" alt=\"\" width=\"704\" height=\"941\" srcset=\"http:\/\/baobab-verein.org\/wp-content\/uploads\/bloukrans04.jpg 704w, http:\/\/baobab-verein.org\/wp-content\/uploads\/bloukrans04-224x300.jpg 224w\" sizes=\"auto, (max-width: 704px) 100vw, 704px\" \/> <img loading=\"lazy\" decoding=\"async\" class=\"aligncenter size-full wp-image-93\" src=\"http:\/\/baobab-verein.org\/wp-content\/uploads\/bloukrans03.jpg\" alt=\"\" width=\"940\" height=\"701\" srcset=\"http:\/\/baobab-verein.org\/wp-content\/uploads\/bloukrans03.jpg 940w, http:\/\/baobab-verein.org\/wp-content\/uploads\/bloukrans03-300x224.jpg 300w, http:\/\/baobab-verein.org\/wp-content\/uploads\/bloukrans03-768x573.jpg 768w\" sizes=\"auto, (max-width: 940px) 100vw, 940px\" \/> <img loading=\"lazy\" decoding=\"async\" class=\"aligncenter size-full wp-image-92\" src=\"http:\/\/baobab-verein.org\/wp-content\/uploads\/bloukrans2.jpg\" alt=\"\" width=\"947\" height=\"700\" srcset=\"http:\/\/baobab-verein.org\/wp-content\/uploads\/bloukrans2.jpg 947w, http:\/\/baobab-verein.org\/wp-content\/uploads\/bloukrans2-300x222.jpg 300w, http:\/\/baobab-verein.org\/wp-content\/uploads\/bloukrans2-768x568.jpg 768w\" sizes=\"auto, (max-width: 947px) 100vw, 947px\" \/> <img loading=\"lazy\" decoding=\"async\" class=\"aligncenter size-full wp-image-91\" src=\"http:\/\/baobab-verein.org\/wp-content\/uploads\/Bloukrans.jpg\" alt=\"\" width=\"1064\" height=\"704\" srcset=\"http:\/\/baobab-verein.org\/wp-content\/uploads\/Bloukrans.jpg 1064w, http:\/\/baobab-verein.org\/wp-content\/uploads\/Bloukrans-300x198.jpg 300w, http:\/\/baobab-verein.org\/wp-content\/uploads\/Bloukrans-768x508.jpg 768w, http:\/\/baobab-verein.org\/wp-content\/uploads\/Bloukrans-1024x678.jpg 1024w\" sizes=\"auto, (max-width: 1064px) 100vw, 1064px\" \/><\/p>\n<p>Hin und wieder regnet es in Namibia &#8211; und wenn, dann viel. Ein Transport der Kinder von Kapps Farm nach Blouwkrans blieb folglich in einem Fluss stecken &#8211; wir konnten zum Gl\u00fcck helfen.<\/p>\n<p><img loading=\"lazy\" decoding=\"async\" class=\"aligncenter size-full wp-image-149\" src=\"http:\/\/baobab-verein.org\/wp-content\/uploads\/IMGP0133.jpg\" alt=\"\" width=\"1035\" height=\"685\" srcset=\"http:\/\/baobab-verein.org\/wp-content\/uploads\/IMGP0133.jpg 1035w, http:\/\/baobab-verein.org\/wp-content\/uploads\/IMGP0133-300x199.jpg 300w, http:\/\/baobab-verein.org\/wp-content\/uploads\/IMGP0133-768x508.jpg 768w, http:\/\/baobab-verein.org\/wp-content\/uploads\/IMGP0133-1024x678.jpg 1024w\" sizes=\"auto, (max-width: 1035px) 100vw, 1035px\" \/><\/p>\n<figure id=\"attachment_148\" aria-describedby=\"caption-attachment-148\" style=\"width: 1035px\" class=\"wp-caption aligncenter\"><img loading=\"lazy\" decoding=\"async\" class=\"wp-image-148 size-full\" src=\"http:\/\/baobab-verein.org\/wp-content\/uploads\/IMGP0116.jpg\" alt=\"\" width=\"1035\" height=\"685\" srcset=\"http:\/\/baobab-verein.org\/wp-content\/uploads\/IMGP0116.jpg 1035w, http:\/\/baobab-verein.org\/wp-content\/uploads\/IMGP0116-300x199.jpg 300w, http:\/\/baobab-verein.org\/wp-content\/uploads\/IMGP0116-768x508.jpg 768w, http:\/\/baobab-verein.org\/wp-content\/uploads\/IMGP0116-1024x678.jpg 1024w\" sizes=\"auto, (max-width: 1035px) 100vw, 1035px\" \/><figcaption id=\"caption-attachment-148\" class=\"wp-caption-text\">Abschlepphilfe auf dem Weg nach Blouwkrans<\/figcaption><\/figure>\n<figure id=\"attachment_151\" aria-describedby=\"caption-attachment-151\" style=\"width: 1035px\" class=\"wp-caption aligncenter\"><img loading=\"lazy\" decoding=\"async\" class=\"wp-image-151 size-full\" src=\"http:\/\/baobab-verein.org\/wp-content\/uploads\/IMGP0150.jpg\" alt=\"\" width=\"1035\" height=\"685\" srcset=\"http:\/\/baobab-verein.org\/wp-content\/uploads\/IMGP0150.jpg 1035w, http:\/\/baobab-verein.org\/wp-content\/uploads\/IMGP0150-300x199.jpg 300w, http:\/\/baobab-verein.org\/wp-content\/uploads\/IMGP0150-768x508.jpg 768w, http:\/\/baobab-verein.org\/wp-content\/uploads\/IMGP0150-1024x678.jpg 1024w\" sizes=\"auto, (max-width: 1035px) 100vw, 1035px\" \/><figcaption id=\"caption-attachment-151\" class=\"wp-caption-text\">Blouwkrans 2014<\/figcaption><\/figure>\n<figure id=\"attachment_150\" aria-describedby=\"caption-attachment-150\" style=\"width: 1035px\" class=\"wp-caption aligncenter\"><img loading=\"lazy\" decoding=\"async\" class=\"wp-image-150 size-full\" src=\"http:\/\/baobab-verein.org\/wp-content\/uploads\/IMGP0146.jpg\" alt=\"\" width=\"1035\" height=\"685\" srcset=\"http:\/\/baobab-verein.org\/wp-content\/uploads\/IMGP0146.jpg 1035w, http:\/\/baobab-verein.org\/wp-content\/uploads\/IMGP0146-300x199.jpg 300w, http:\/\/baobab-verein.org\/wp-content\/uploads\/IMGP0146-768x508.jpg 768w, http:\/\/baobab-verein.org\/wp-content\/uploads\/IMGP0146-1024x678.jpg 1024w\" sizes=\"auto, (max-width: 1035px) 100vw, 1035px\" \/><figcaption id=\"caption-attachment-150\" class=\"wp-caption-text\">Blouwkrans 2014 &#8211; ein Schlafsaal<\/figcaption><\/figure>\n<p>&nbsp;<\/p>\n","protected":false},"excerpt":{"rendered":"<p>Die Blouwkrans-Schule ist eine Internatsschule, die in der N\u00e4he von Dordabis liegt. Dort sind viele Kinder aus Kapps Farm in der Schule, alle paar Wochen werden diese f\u00fcr ein Wochenende nach Hause gefahren. Die Schule wird seit langem vom Baobab-Frauenverein unterst\u00fctzt. Einen t\u00e4glichen Schulbus nach Windhoek gibt es von Kapps Farm aus nicht, weshalb die &hellip; <a href=\"http:\/\/baobab-verein.org\/?page_id=134\" class=\"more-link\"><span class=\"screen-reader-text\">Blouwkrans Schule<\/span> weiterlesen<\/a><\/p>\n","protected":false},"author":1,"featured_media":0,"parent":54,"menu_order":0,"comment_status":"closed","ping_status":"closed","template":"","meta":{"footnotes":""},"class_list":["post-134","page","type-page","status-publish","hentry"],"_links":{"self":[{"href":"http:\/\/baobab-verein.org\/index.php?rest_route=\/wp\/v2\/pages\/134","targetHints":{"allow":["GET"]}}],"collection":[{"href":"http:\/\/baobab-verein.org\/index.php?rest_route=\/wp\/v2\/pages"}],"about":[{"href":"http:\/\/baobab-verein.org\/index.php?rest_route=\/wp\/v2\/types\/page"}],"author":[{"embeddable":true,"href":"http:\/\/baobab-verein.org\/index.php?rest_route=\/wp\/v2\/users\/1"}],"replies":[{"embeddable":true,"href":"http:\/\/baobab-verein.org\/index.php?rest_route=%2Fwp%2Fv2%2Fcomments&post=134"}],"version-history":[{"count":3,"href":"http:\/\/baobab-verein.org\/index.php?rest_route=\/wp\/v2\/pages\/134\/revisions"}],"predecessor-version":[{"id":154,"href":"http:\/\/baobab-verein.org\/index.php?rest_route=\/wp\/v2\/pages\/134\/revisions\/154"}],"up":[{"embeddable":true,"href":"http:\/\/baobab-verein.org\/index.php?rest_route=\/wp\/v2\/pages\/54"}],"wp:attachment":[{"href":"http:\/\/baobab-verein.org\/index.php?rest_route=%2Fwp%2Fv2%2Fmedia&parent=134"}],"curies":[{"name":"wp","href":"https:\/\/api.w.org\/{rel}","templated":true}]}}