{"id":120,"date":"2018-01-21T10:53:50","date_gmt":"2018-01-21T10:53:50","guid":{"rendered":"http:\/\/baobab-verein.org\/?page_id=120"},"modified":"2018-01-21T11:22:29","modified_gmt":"2018-01-21T11:22:29","slug":"katutura-morning-sun","status":"publish","type":"page","link":"http:\/\/baobab-verein.org\/?page_id=120","title":{"rendered":"Katutura &#8211; Morning Sun"},"content":{"rendered":"<p>Den Morning Sun Kindergarten in Katutura-Havanna haben wir 1999 &#8222;aus der Wiege gehoben&#8220;. Ich erinnere mich genau an den Tag, an dem ich damals mit Frau Rohwer, welche die allerersten dieser Kinderg\u00e4rten betreute, eine Rundfahrt durch Katutura, mit Besichtigung der Kinderg\u00e4rten, machen wollte. Als wir ins Auto steigen wollten stand da eine junge, schwarze Frau in einem korrekten Kost\u00fcm. Sie stellte sich als Martha Nangula vor und bat uns, ihr beim Aufbau eines Kindergartens zu helfen. Es war sehr schwer sie zu verstehen, da sie ein eigenartiges Englisch sprach &#8211; nach einiger Zeit kamen wir darauf, dass sie aus dem Stamm der Ovambo stammt, dieser kennt kein &#8222;R&#8220;, sie ersetzte dieses durch ein &#8222;L&#8220;, was das Verst\u00e4ndnis manchmal schwer machte.<\/p>\n<p>Sie f\u00fchrte uns damals dann zu ihrem Kindergarten, eine Wellblechbude, krumm und schief mit einer Fl\u00e4che von etwa 2&#215;2 Metern, auf felsigem und unebenem Naturfelsgrund. Etwa 15 Kinder tauchten nach und nach auf, setzten sich auf den Boden und beobachteten und mi\u00dftrauisch. Frau Rohwer sah mich an und fragte: &#8222;\u00dcbernehmen Sie das? Das gibt viel Arbeit und kostet viel Geld, ich habe genug mit meinen anderen Kinderg\u00e4rten zu tun, ich kann nicht.&#8220;<\/p>\n<figure id=\"attachment_25\" aria-describedby=\"caption-attachment-25\" style=\"width: 640px\" class=\"wp-caption aligncenter\"><img loading=\"lazy\" decoding=\"async\" class=\"wp-image-25 size-full\" src=\"http:\/\/baobab-verein.org\/wp-content\/uploads\/morningsun1.jpg\" alt=\"\" width=\"640\" height=\"423\" srcset=\"http:\/\/baobab-verein.org\/wp-content\/uploads\/morningsun1.jpg 640w, http:\/\/baobab-verein.org\/wp-content\/uploads\/morningsun1-300x198.jpg 300w\" sizes=\"auto, (max-width: 640px) 100vw, 640px\" \/><figcaption id=\"caption-attachment-25\" class=\"wp-caption-text\">Anf\u00e4nge des Morning Sun Kindergartens<\/figcaption><\/figure>\n<figure id=\"attachment_22\" aria-describedby=\"caption-attachment-22\" style=\"width: 614px\" class=\"wp-caption aligncenter\"><img loading=\"lazy\" decoding=\"async\" class=\"wp-image-22 size-full\" src=\"http:\/\/baobab-verein.org\/wp-content\/uploads\/martha2.jpg\" alt=\"\" width=\"614\" height=\"819\" srcset=\"http:\/\/baobab-verein.org\/wp-content\/uploads\/martha2.jpg 614w, http:\/\/baobab-verein.org\/wp-content\/uploads\/martha2-225x300.jpg 225w\" sizes=\"auto, (max-width: 614px) 100vw, 614px\" \/><figcaption id=\"caption-attachment-22\" class=\"wp-caption-text\">Anf\u00e4nge des Morning Sun Kindergartens &#8211; Martha<\/figcaption><\/figure>\n<p>Wir \u00fcbernahmen die Aufgabe. St\u00fcck um St\u00fcck bauten wir den Kindergarten aus, wie die Spendengelder kamen. Zuerst gab es einen Zementfu\u00dfboden, dann einen Anbau, auch nicht viel gr\u00f6\u00dfer als der erste Raum, in dem Martha essen und schlafen konnte. Dann nochmal einen Anbau, dabei wurde eine Zwischenwand eingerissen, der Kindergarten war nun 2&#215;5 Meter gro\u00df. Mit PKW-Reifen wurde ein Zaun errichtet und eine Schaukel gebaut. Im Winter war der Raum aber j\u00e4mmerlich kalt (Katutura liegt auf etwa 1900 Meter \u00fcber NN), im Sommer ein Backofen, es regnete an vielen Stellen herein und es zog. Das ganze Geb\u00e4ude war au\u00dferdem zu niedrig, da die erste H\u00fctte immer die H\u00f6he vorgegeben hatte.<br \/>\nMartha war allerdings sehr fleissig. Die Kinder lernen zwar bis heute kein &#8222;R&#8220;, weil Martha es nicht ausprechen kann, aber sie sind bestens f\u00fcr die Schule vorbereitet, wenn sie den Kindergarten verlassen.<\/p>\n<p>Etwa 2005 erhielten wir die Genehmigung eine Toilette zu errichten, da die Kinder immer wieder in Konktakt mit Schlangen kamen, wenn sie im Busch ihre Notdurft verricheteten. Au\u00dferdem konnten wir, dank einer sehr gro\u00dfen Spende, den H\u00fcttenverhau sanieren und einen wundersch\u00f6nen, stabilen Kindergarten aus Zementfertigteilen bauen.<\/p>\n<p>Seit 1999 ist Martha \u00e4u\u00dferst zuverl\u00e4ssig. Sie war immer im Kindergarten erreichbar, es wurde dort immer gelernt, gesungen und unter Aufsicht gespielt, wenn wir dort ankamen. Sie organisiert viel selbst, wie beispielsweise monatliche Kontrollen der Kinder durch den Gesundheitsdienst. 2009 hat sie die Ausr\u00fcstung des Kindergartens durch eine namibische Firma mit Solarbeleuchtung organisiert, wodurch jetzt dauerhaft elektrisches Licht im Kindergarten existiert.<br \/>\nAm Anfang hatte sie dasselbe Problem wie alle Kinderg\u00e4rten: Nicht alle Eltern bezahlten, so dass sie f\u00fcr ihren eigenen Lebensunterhalt kein Geld hatte. Sie brachte uns auf die Idee, den Kindern ein Essen im Kindergarten zur Verf\u00fcgung zu stellen, da einige Kinder Essen dabei hatten, andere jedoch nichts von daheim mitbekamen und den ganzen Tag hungerten. Seitdem lassen wir die Grundnahrung monatlich durch ein Kaufhaus liefern, gleichzeitig zahlen die Eltern auch regelm\u00e4\u00dfig ihre Beitr\u00e4ge f\u00fcr den Kindergarten an sie.<\/p>\n<figure id=\"attachment_24\" aria-describedby=\"caption-attachment-24\" style=\"width: 885px\" class=\"wp-caption aligncenter\"><img loading=\"lazy\" decoding=\"async\" class=\"wp-image-24 size-full\" src=\"http:\/\/baobab-verein.org\/wp-content\/uploads\/morning_sun_weihnacht2.jpg\" alt=\"\" width=\"885\" height=\"596\" srcset=\"http:\/\/baobab-verein.org\/wp-content\/uploads\/morning_sun_weihnacht2.jpg 885w, http:\/\/baobab-verein.org\/wp-content\/uploads\/morning_sun_weihnacht2-300x202.jpg 300w, http:\/\/baobab-verein.org\/wp-content\/uploads\/morning_sun_weihnacht2-768x517.jpg 768w, http:\/\/baobab-verein.org\/wp-content\/uploads\/morning_sun_weihnacht2-788x531.jpg 788w\" sizes=\"auto, (max-width: 885px) 100vw, 885px\" \/><figcaption id=\"caption-attachment-24\" class=\"wp-caption-text\">Feier zur Einschulung<\/figcaption><\/figure>\n<p><img loading=\"lazy\" decoding=\"async\" class=\"aligncenter size-full wp-image-26\" src=\"http:\/\/baobab-verein.org\/wp-content\/uploads\/morningsun2.jpg\" alt=\"\" width=\"640\" height=\"427\" srcset=\"http:\/\/baobab-verein.org\/wp-content\/uploads\/morningsun2.jpg 640w, http:\/\/baobab-verein.org\/wp-content\/uploads\/morningsun2-300x200.jpg 300w\" sizes=\"auto, (max-width: 640px) 100vw, 640px\" \/><\/p>\n<p><img loading=\"lazy\" decoding=\"async\" class=\"aligncenter size-full wp-image-23\" src=\"http:\/\/baobab-verein.org\/wp-content\/uploads\/morning_sun_weihnacht1.jpg\" alt=\"\" width=\"884\" height=\"598\" srcset=\"http:\/\/baobab-verein.org\/wp-content\/uploads\/morning_sun_weihnacht1.jpg 884w, http:\/\/baobab-verein.org\/wp-content\/uploads\/morning_sun_weihnacht1-300x203.jpg 300w, http:\/\/baobab-verein.org\/wp-content\/uploads\/morning_sun_weihnacht1-768x520.jpg 768w, http:\/\/baobab-verein.org\/wp-content\/uploads\/morning_sun_weihnacht1-788x533.jpg 788w\" sizes=\"auto, (max-width: 884px) 100vw, 884px\" \/> <img loading=\"lazy\" decoding=\"async\" class=\"aligncenter size-full wp-image-21\" src=\"http:\/\/baobab-verein.org\/wp-content\/uploads\/martha1.jpg\" alt=\"\" width=\"768\" height=\"1024\" srcset=\"http:\/\/baobab-verein.org\/wp-content\/uploads\/martha1.jpg 768w, http:\/\/baobab-verein.org\/wp-content\/uploads\/martha1-225x300.jpg 225w\" sizes=\"auto, (max-width: 768px) 100vw, 768px\" \/> <img loading=\"lazy\" decoding=\"async\" class=\"aligncenter size-full wp-image-101\" src=\"http:\/\/baobab-verein.org\/wp-content\/uploads\/kinder_2009_01.jpg\" alt=\"\" width=\"1077\" height=\"706\" srcset=\"http:\/\/baobab-verein.org\/wp-content\/uploads\/kinder_2009_01.jpg 1077w, http:\/\/baobab-verein.org\/wp-content\/uploads\/kinder_2009_01-300x197.jpg 300w, http:\/\/baobab-verein.org\/wp-content\/uploads\/kinder_2009_01-768x503.jpg 768w, http:\/\/baobab-verein.org\/wp-content\/uploads\/kinder_2009_01-1024x671.jpg 1024w\" sizes=\"auto, (max-width: 1077px) 100vw, 1077px\" \/> <img loading=\"lazy\" decoding=\"async\" class=\"aligncenter size-full wp-image-102\" src=\"http:\/\/baobab-verein.org\/wp-content\/uploads\/kinder_2009_02.jpg\" alt=\"\" width=\"950\" height=\"703\" srcset=\"http:\/\/baobab-verein.org\/wp-content\/uploads\/kinder_2009_02.jpg 950w, http:\/\/baobab-verein.org\/wp-content\/uploads\/kinder_2009_02-300x222.jpg 300w, http:\/\/baobab-verein.org\/wp-content\/uploads\/kinder_2009_02-768x568.jpg 768w\" sizes=\"auto, (max-width: 950px) 100vw, 950px\" \/> <img loading=\"lazy\" decoding=\"async\" class=\"aligncenter size-full wp-image-103\" src=\"http:\/\/baobab-verein.org\/wp-content\/uploads\/morning_sun_2009_01.jpg\" alt=\"\" width=\"1073\" height=\"711\" srcset=\"http:\/\/baobab-verein.org\/wp-content\/uploads\/morning_sun_2009_01.jpg 1073w, http:\/\/baobab-verein.org\/wp-content\/uploads\/morning_sun_2009_01-300x199.jpg 300w, http:\/\/baobab-verein.org\/wp-content\/uploads\/morning_sun_2009_01-768x509.jpg 768w, http:\/\/baobab-verein.org\/wp-content\/uploads\/morning_sun_2009_01-1024x679.jpg 1024w\" sizes=\"auto, (max-width: 1073px) 100vw, 1073px\" \/><\/p>\n<p>Bei Martha wird eifrig gebaut &#8211; ein neues Seitengeb\u00e4ude ist entstanden. Da noch weitere \u00c4nderungen anstehen, sind ein paar Provisorien auf dem Grundst\u00fcck zu sehen. Die Betonbauteile (Concretech) sind Fertigbauteile, die g\u00fcnstig und schnell Bauten erm\u00f6glichen &#8211; der Anbau wurde vom Baobab-Verein und somit von Ihnen erm\u00f6glicht!<\/p>\n<figure id=\"attachment_152\" aria-describedby=\"caption-attachment-152\" style=\"width: 1264px\" class=\"wp-caption aligncenter\"><img loading=\"lazy\" decoding=\"async\" class=\"wp-image-152 size-full\" src=\"http:\/\/baobab-verein.org\/wp-content\/uploads\/IMGP1209.jpg\" alt=\"\" width=\"1264\" height=\"840\" srcset=\"http:\/\/baobab-verein.org\/wp-content\/uploads\/IMGP1209.jpg 1264w, http:\/\/baobab-verein.org\/wp-content\/uploads\/IMGP1209-300x199.jpg 300w, http:\/\/baobab-verein.org\/wp-content\/uploads\/IMGP1209-768x510.jpg 768w, http:\/\/baobab-verein.org\/wp-content\/uploads\/IMGP1209-1024x681.jpg 1024w\" sizes=\"auto, (max-width: 1264px) 100vw, 1264px\" \/><figcaption id=\"caption-attachment-152\" class=\"wp-caption-text\">Morning Sun 2017<\/figcaption><\/figure>\n<figure id=\"attachment_153\" aria-describedby=\"caption-attachment-153\" style=\"width: 1264px\" class=\"wp-caption aligncenter\"><img loading=\"lazy\" decoding=\"async\" class=\"wp-image-153 size-full\" src=\"http:\/\/baobab-verein.org\/wp-content\/uploads\/IMGP1217.jpg\" alt=\"\" width=\"1264\" height=\"840\" srcset=\"http:\/\/baobab-verein.org\/wp-content\/uploads\/IMGP1217.jpg 1264w, http:\/\/baobab-verein.org\/wp-content\/uploads\/IMGP1217-300x199.jpg 300w, http:\/\/baobab-verein.org\/wp-content\/uploads\/IMGP1217-768x510.jpg 768w, http:\/\/baobab-verein.org\/wp-content\/uploads\/IMGP1217-1024x681.jpg 1024w\" sizes=\"auto, (max-width: 1264px) 100vw, 1264px\" \/><figcaption id=\"caption-attachment-153\" class=\"wp-caption-text\">Morning Sun 2017<\/figcaption><\/figure>\n","protected":false},"excerpt":{"rendered":"<p>Den Morning Sun Kindergarten in Katutura-Havanna haben wir 1999 &#8222;aus der Wiege gehoben&#8220;. Ich erinnere mich genau an den Tag, an dem ich damals mit Frau Rohwer, welche die allerersten dieser Kinderg\u00e4rten betreute, eine Rundfahrt durch Katutura, mit Besichtigung der Kinderg\u00e4rten, machen wollte. Als wir ins Auto steigen wollten stand da eine junge, schwarze Frau &hellip; <a href=\"http:\/\/baobab-verein.org\/?page_id=120\" class=\"more-link\"><span class=\"screen-reader-text\">Katutura &#8211; Morning Sun<\/span> weiterlesen<\/a><\/p>\n","protected":false},"author":1,"featured_media":0,"parent":54,"menu_order":0,"comment_status":"closed","ping_status":"closed","template":"","meta":{"footnotes":""},"class_list":["post-120","page","type-page","status-publish","hentry"],"_links":{"self":[{"href":"http:\/\/baobab-verein.org\/index.php?rest_route=\/wp\/v2\/pages\/120","targetHints":{"allow":["GET"]}}],"collection":[{"href":"http:\/\/baobab-verein.org\/index.php?rest_route=\/wp\/v2\/pages"}],"about":[{"href":"http:\/\/baobab-verein.org\/index.php?rest_route=\/wp\/v2\/types\/page"}],"author":[{"embeddable":true,"href":"http:\/\/baobab-verein.org\/index.php?rest_route=\/wp\/v2\/users\/1"}],"replies":[{"embeddable":true,"href":"http:\/\/baobab-verein.org\/index.php?rest_route=%2Fwp%2Fv2%2Fcomments&post=120"}],"version-history":[{"count":5,"href":"http:\/\/baobab-verein.org\/index.php?rest_route=\/wp\/v2\/pages\/120\/revisions"}],"predecessor-version":[{"id":156,"href":"http:\/\/baobab-verein.org\/index.php?rest_route=\/wp\/v2\/pages\/120\/revisions\/156"}],"up":[{"embeddable":true,"href":"http:\/\/baobab-verein.org\/index.php?rest_route=\/wp\/v2\/pages\/54"}],"wp:attachment":[{"href":"http:\/\/baobab-verein.org\/index.php?rest_route=%2Fwp%2Fv2%2Fmedia&parent=120"}],"curies":[{"name":"wp","href":"https:\/\/api.w.org\/{rel}","templated":true}]}}